{"id":370,"date":"2025-02-21T10:39:44","date_gmt":"2025-02-21T09:39:44","guid":{"rendered":"https:\/\/trial-tec.com\/?page_id=370"},"modified":"2025-11-12T10:10:03","modified_gmt":"2025-11-12T09:10:03","slug":"karriere","status":"publish","type":"page","link":"https:\/\/trial-tec.de\/en\/karriere\/","title":{"rendered":"Career"},"content":{"rendered":"<p>[et_pb_section fb_built=&#8220;1&#8243; fullwidth=&#8220;on&#8220; admin_label=&#8220;Hero&#8220; _builder_version=&#8220;4.16&#8243; background_image=&#8220;https:\/\/trial-tec.de\/wp-content\/uploads\/2024\/12\/it-services-10.jpg&#8220; parallax=&#8220;on&#8220; custom_padding=&#8220;0px|0|0px|0px|false|false&#8220; global_colors_info=&#8220;{}&#8220;][et_pb_fullwidth_header title=&#8220;Karriere bei  trial-tec &#8220; text_orientation=&#8220;center&#8220; admin_label=&#8220;Fullwidth Header&#8220; _builder_version=&#8220;4.27.4&#8243; title_font=&#8220;Share Tech||||||||&#8220; title_text_align=&#8220;center&#8220; title_font_size=&#8220;80px&#8220; title_line_height=&#8220;1.2em&#8220; content_font=&#8220;Open Sans||||||||&#8220; content_text_align=&#8220;center&#8220; content_font_size=&#8220;18px&#8220; content_line_height=&#8220;1.8em&#8220; background_image=&#8220;https:\/\/trial-tec.de\/wp-content\/uploads\/2025\/02\/DJI_0121.jpg&#8220; parallax=&#8220;on&#8220; custom_button_one=&#8220;on&#8220; button_one_text_size=&#8220;15px&#8220; button_one_bg_color=&#8220;#ffa727&#8243; button_one_border_width=&#8220;15px&#8220; button_one_border_color=&#8220;#ffa727&#8243; button_one_border_radius=&#8220;100px&#8220; button_one_letter_spacing=&#8220;5px&#8220; button_one_font=&#8220;Open Sans|700||on|||||&#8220; custom_padding=&#8220;131px|0|133px|0px|false|false&#8220; title_font_size_tablet=&#8220;60px&#8220; title_font_size_phone=&#8220;36px&#8220; title_font_size_last_edited=&#8220;on|phone&#8220; content_font_size_tablet=&#8220;&#8220; content_font_size_phone=&#8220;16px&#8220; content_font_size_last_edited=&#8220;on|phone&#8220; button_one_text_size_tablet=&#8220;&#8220; button_one_text_size_phone=&#8220;&#8220; button_one_text_size_last_edited=&#8220;on|desktop&#8220; button_one_border_color_hover=&#8220;#ff8a3d&#8220; button_one_border_radius_hover=&#8220;100px&#8220; button_one_letter_spacing_hover=&#8220;5px&#8220; button_one_bg_color_hover=&#8220;#ff8a3d&#8220; global_colors_info=&#8220;{}&#8220; button_one_text_size__hover_enabled=&#8220;off&#8220; button_two_text_size__hover_enabled=&#8220;off&#8220; button_one_text_color__hover_enabled=&#8220;off&#8220; button_two_text_color__hover_enabled=&#8220;off&#8220; button_one_border_width__hover_enabled=&#8220;off&#8220; button_two_border_width__hover_enabled=&#8220;off&#8220; button_one_border_color__hover_enabled=&#8220;on&#8220; button_one_border_color__hover=&#8220;#ff8a3d&#8220; button_two_border_color__hover_enabled=&#8220;off&#8220; button_one_border_radius__hover_enabled=&#8220;on&#8220; button_one_border_radius__hover=&#8220;100px&#8220; button_two_border_radius__hover_enabled=&#8220;off&#8220; button_one_letter_spacing__hover_enabled=&#8220;on&#8220; button_one_letter_spacing__hover=&#8220;5px&#8220; button_two_letter_spacing__hover_enabled=&#8220;off&#8220; button_one_bg_color__hover_enabled=&#8220;on&#8220; button_one_bg_color__hover=&#8220;#ff8a3d&#8220; button_two_bg_color__hover_enabled=&#8220;off&#8220;]<\/p>\n<p>Stellenangebote bei der trial-tec GmbH<\/p>\n<p>[\/et_pb_fullwidth_header][\/et_pb_section][et_pb_section fb_built=&#8220;1&#8243; use_custom_gutter=&#8220;on&#8220; gutter_width=&#8220;2&#8243; specialty=&#8220;on&#8220; padding_top_1=&#8220;0px&#8220; padding_top_2=&#8220;0px&#8220; padding_bottom_1=&#8220;0px&#8220; padding_bottom_2=&#8220;0px&#8220; padding_top_bottom_link_1=&#8220;true&#8220; padding_top_bottom_link_2=&#8220;true&#8220; admin_label=&#8220;Button Bar&#8220; _builder_version=&#8220;4.27.4&#8243; background_color=&#8220;rgba(255,255,255,0)&#8220; inner_width=&#8220;100%&#8220; inner_max_width=&#8220;100%&#8220; custom_margin=&#8220;0px||||false|false&#8220; custom_padding=&#8220;0||||false|false&#8220; use_custom_width=&#8220;on&#8220; width_unit=&#8220;off&#8220; custom_width_percent=&#8220;100%&#8220; global_colors_info=&#8220;{}&#8220;][et_pb_column type=&#8220;1_2&#8243; _builder_version=&#8220;4.16&#8243; custom_padding=&#8220;|||&#8220; global_colors_info=&#8220;{}&#8220; custom_padding__hover=&#8220;|||&#8220;][et_pb_blurb title=&#8220;Zur\u00fcck zum Start&#8220; url=&#8220;https:\/\/trial-tec.de\/&#8220; content_max_width=&#8220;1100px&#8220; _builder_version=&#8220;4.27.4&#8243; header_font=&#8220;Open Sans|700||on|||||&#8220; header_font_size=&#8220;14px&#8220; header_letter_spacing=&#8220;5px&#8220; header_line_height=&#8220;2em&#8220; body_font=&#8220;||||||||&#8220; background_color=&#8220;#aac90c&#8220; use_background_color_gradient=&#8220;on&#8220; background_color_gradient_direction=&#8220;90deg&#8220; background_color_gradient_stops=&#8220;#ffffff 0%|#aac90c 100%&#8220; background_color_gradient_start=&#8220;#ffffff&#8220; background_color_gradient_end=&#8220;#2573f9&#8243; text_orientation=&#8220;right&#8220; background_layout=&#8220;dark&#8220; custom_padding=&#8220;20px|40px|12px|40px|false|true&#8220; animation_style=&#8220;slide&#8220; animation_direction=&#8220;left&#8220; animation_intensity_slide=&#8220;5%&#8220; border_radii=&#8220;||100px|100px|&#8220; locked=&#8220;off&#8220; global_colors_info=&#8220;{}&#8220;][\/et_pb_blurb][\/et_pb_column][et_pb_column type=&#8220;1_2&#8243; specialty_columns=&#8220;2&#8243; _builder_version=&#8220;4.16&#8243; custom_padding=&#8220;|||&#8220; global_colors_info=&#8220;{}&#8220; custom_padding__hover=&#8220;|||&#8220;][et_pb_row_inner column_structure=&#8220;1_2,1_2&#8243; custom_padding_last_edited=&#8220;on|desktop&#8220; _builder_version=&#8220;4.16&#8243; custom_padding=&#8220;0|25%|0|0px|true|false&#8220; custom_padding_tablet=&#8220;|10%||10%||true&#8220; custom_padding_phone=&#8220;&#8220; global_colors_info=&#8220;{}&#8220;][et_pb_column_inner type=&#8220;1_2&#8243; saved_specialty_column_type=&#8220;1_2&#8243; _builder_version=&#8220;4.16&#8243; custom_padding=&#8220;|||&#8220; global_colors_info=&#8220;{}&#8220; custom_padding__hover=&#8220;|||&#8220;][et_pb_button button_url=&#8220;https:\/\/trial-tec.de\/#standorte&#8220; button_text=&#8220;Standorte&#8220; button_alignment=&#8220;center&#8220; _builder_version=&#8220;4.27.4&#8243; custom_button=&#8220;on&#8220; button_text_size=&#8220;14px&#8220; button_text_color=&#8220;#FFFFFF&#8220; button_bg_color=&#8220;#aac90c&#8220; button_bg_color_gradient_direction=&#8220;90deg&#8220; button_bg_color_gradient_stops=&#8220;#ffa727 0%|#FF8A3D 100%&#8220; button_bg_color_gradient_start=&#8220;#ffa727&#8243; button_bg_color_gradient_end=&#8220;#FF8A3D&#8220; button_border_width=&#8220;0px&#8220; button_border_radius=&#8220;100px&#8220; button_letter_spacing=&#8220;5px&#8220; button_font=&#8220;Open Sans|700||on|||||&#8220; button_use_icon=&#8220;off&#8220; custom_padding=&#8220;23px|24px|23px|24px|true|true&#8220; animation_style=&#8220;slide&#8220; animation_direction=&#8220;left&#8220; button_border_radius_hover=&#8220;100px&#8220; button_letter_spacing_hover=&#8220;5px&#8220; button_bg_color_hover=&#8220;#3980f9&#8243; locked=&#8220;off&#8220; global_colors_info=&#8220;{}&#8220; button_text_size__hover_enabled=&#8220;off&#8220; button_one_text_size__hover_enabled=&#8220;off&#8220; button_two_text_size__hover_enabled=&#8220;off&#8220; button_text_color__hover_enabled=&#8220;off&#8220; button_one_text_color__hover_enabled=&#8220;off&#8220; button_two_text_color__hover_enabled=&#8220;off&#8220; button_border_width__hover_enabled=&#8220;off&#8220; button_one_border_width__hover_enabled=&#8220;off&#8220; button_two_border_width__hover_enabled=&#8220;off&#8220; button_border_color__hover_enabled=&#8220;off&#8220; button_one_border_color__hover_enabled=&#8220;off&#8220; button_two_border_color__hover_enabled=&#8220;off&#8220; button_border_radius__hover_enabled=&#8220;on&#8220; button_border_radius__hover=&#8220;100px&#8220; button_one_border_radius__hover_enabled=&#8220;off&#8220; button_two_border_radius__hover_enabled=&#8220;off&#8220; button_letter_spacing__hover_enabled=&#8220;on&#8220; button_letter_spacing__hover=&#8220;5px&#8220; button_one_letter_spacing__hover_enabled=&#8220;off&#8220; button_two_letter_spacing__hover_enabled=&#8220;off&#8220; button_bg_color__hover_enabled=&#8220;on|hover&#8220; button_bg_color__hover=&#8220;#aac90c&#8220; button_one_bg_color__hover_enabled=&#8220;off&#8220; button_two_bg_color__hover_enabled=&#8220;off&#8220;][\/et_pb_button][\/et_pb_column_inner][et_pb_column_inner type=&#8220;1_2&#8243; saved_specialty_column_type=&#8220;1_2&#8243; _builder_version=&#8220;4.16&#8243; custom_padding=&#8220;|||&#8220; global_colors_info=&#8220;{}&#8220; custom_padding__hover=&#8220;|||&#8220;][et_pb_button button_url=&#8220;#kontakt&#8220; button_text=&#8220;Kontakt&#8220; button_alignment=&#8220;center&#8220; _builder_version=&#8220;4.27.4&#8243; custom_button=&#8220;on&#8220; button_text_size=&#8220;14px&#8220; button_text_color=&#8220;#FFFFFF&#8220; button_bg_color=&#8220;#aac90c&#8220; button_bg_color_gradient_direction=&#8220;90deg&#8220; button_bg_color_gradient_stops=&#8220;#ffa727 0%|#FF8A3D 100%&#8220; button_bg_color_gradient_start=&#8220;#ffa727&#8243; button_bg_color_gradient_end=&#8220;#FF8A3D&#8220; button_border_width=&#8220;0px&#8220; button_border_radius=&#8220;100px&#8220; button_letter_spacing=&#8220;5px&#8220; button_font=&#8220;Open Sans|700||on|||||&#8220; button_use_icon=&#8220;off&#8220; custom_padding=&#8220;23px|24px|23px|24px|true|true&#8220; animation_style=&#8220;slide&#8220; animation_direction=&#8220;left&#8220; button_border_radius_hover=&#8220;100px&#8220; button_letter_spacing_hover=&#8220;5px&#8220; button_bg_color_hover=&#8220;#3980f9&#8243; locked=&#8220;off&#8220; global_colors_info=&#8220;{}&#8220; button_text_size__hover_enabled=&#8220;off&#8220; button_one_text_size__hover_enabled=&#8220;off&#8220; button_two_text_size__hover_enabled=&#8220;off&#8220; button_text_color__hover_enabled=&#8220;off&#8220; button_one_text_color__hover_enabled=&#8220;off&#8220; button_two_text_color__hover_enabled=&#8220;off&#8220; button_border_width__hover_enabled=&#8220;off&#8220; button_one_border_width__hover_enabled=&#8220;off&#8220; button_two_border_width__hover_enabled=&#8220;off&#8220; button_border_color__hover_enabled=&#8220;off&#8220; button_one_border_color__hover_enabled=&#8220;off&#8220; button_two_border_color__hover_enabled=&#8220;off&#8220; button_border_radius__hover_enabled=&#8220;on&#8220; button_border_radius__hover=&#8220;100px&#8220; button_one_border_radius__hover_enabled=&#8220;off&#8220; button_two_border_radius__hover_enabled=&#8220;off&#8220; button_letter_spacing__hover_enabled=&#8220;on&#8220; button_letter_spacing__hover=&#8220;5px&#8220; button_one_letter_spacing__hover_enabled=&#8220;off&#8220; button_two_letter_spacing__hover_enabled=&#8220;off&#8220; button_bg_color__hover_enabled=&#8220;on|hover&#8220; button_bg_color__hover=&#8220;#aac90c&#8220; button_one_bg_color__hover_enabled=&#8220;off&#8220; button_two_bg_color__hover_enabled=&#8220;off&#8220;][\/et_pb_button][\/et_pb_column_inner][\/et_pb_row_inner][\/et_pb_column][\/et_pb_section][et_pb_section fb_built=&#8220;1&#8243; _builder_version=&#8220;4.27.4&#8243; _module_preset=&#8220;default&#8220; global_colors_info=&#8220;{}&#8220;][et_pb_row column_structure=&#8220;2_3,1_3&#8243; _builder_version=&#8220;4.27.4&#8243; _module_preset=&#8220;default&#8220; hover_enabled=&#8220;0&#8243; global_colors_info=&#8220;{}&#8220; disabled_on=&#8220;on|on|on&#8220; disabled=&#8220;on&#8220; sticky_enabled=&#8220;0&#8243;][et_pb_column type=&#8220;2_3&#8243; _builder_version=&#8220;4.27.4&#8243; _module_preset=&#8220;default&#8220; global_colors_info=&#8220;{}&#8220;][et_pb_text _builder_version=&#8220;4.27.4&#8243; _module_preset=&#8220;default&#8220; header_font_size_tablet=&#8220;&#8220; header_font_size_phone=&#8220;25px&#8220; header_font_size_last_edited=&#8220;on|phone&#8220; global_colors_info=&#8220;{}&#8220;]<\/p>\n<h1>Feldversuchstechniker\/in (m\/w\/d)<\/h1>\n<h3><span style=\"color: #99cc00;\"><b>Du bringst mit:<\/b><\/span><\/h3>\n<ul>\n<li>Begeisterung f\u00fcr das landwirtschaftliche Versuchswesen<\/li>\n<li>Freude an sorgf\u00e4ltigem Arbeiten<\/li>\n<li>hohes Ma\u00df an Engagement, Teamf\u00e4higkeit und Zuverl\u00e4ssigkeit<\/li>\n<li>F\u00fchrerschein Klasse B<\/li>\n<li>sicherer Umgang mit MS Office<\/li>\n<\/ul>\n<p>[\/et_pb_text][et_pb_text _builder_version=&#8220;4.27.4&#8243; _module_preset=&#8220;default&#8220; global_colors_info=&#8220;{}&#8220;]<\/p>\n<h3><span style=\"color: #99cc00;\"><b>Dich erwartet:<\/b><\/span><\/h3>\n<ul>\n<li>abwechslungsreiche T\u00e4tigkeit an der frischen Luft sowie in Lager und B\u00fcro<\/li>\n<li>unbefristete Anstellung in famili\u00e4rem Arbeitsumfeld<\/li>\n<li>Kommunikation auf Augenh\u00f6he und flache Hierarchien<\/li>\n<\/ul>\n<p>[\/et_pb_text][et_pb_text _builder_version=&#8220;4.27.4&#8243; _module_preset=&#8220;default&#8220; global_colors_info=&#8220;{}&#8220;]<\/p>\n<p>Als erfolgreicher Dienstleister im landwirtschaftlichen Versuchswesen f\u00fchren wir im Auftrag der f\u00fchrenden Unternehmen aus Pflanzenz\u00fcchtung, Pflanzenschutz, D\u00fcngemittelproduktion und der Pflanzenhilfsmittelforschung Exaktversuche durch.<\/p>\n<p>F\u00fcr die <b>technische Durchf\u00fchrung der Versuche <\/b>und die <b>Organisation im Feld<\/b> suchen wir Dich zur Verst\u00e4rkung des Teams am Standort Haby bei Eckernf\u00f6rde (SH).<\/p>\n<h3><span style=\"color: #99cc00;\"><b>Neugierig geworden?<\/b><\/span><\/h3>\n<p>Dann ruf uns an und im pers\u00f6nlichen Gespr\u00e4ch lernen wir uns n\u00e4her kennen:<\/p>\n<p>Tel: <a href=\"tel:+491718381193\">0171 838 11 93<\/a><\/p>\n<p>[\/et_pb_text][\/et_pb_column][et_pb_column type=&#8220;1_3&#8243; _builder_version=&#8220;4.27.4&#8243; _module_preset=&#8220;default&#8220; global_colors_info=&#8220;{}&#8220;][et_pb_image src=&#8220;https:\/\/trial-tec.de\/wp-content\/uploads\/2025\/02\/Stellenausschreibung-TT-SH-2025-1.jpg&#8220; title_text=&#8220;Stellenausschreibung TT SH 2025-1&#8243; url=&#8220;https:\/\/trial-tec.de\/wp-content\/uploads\/2025\/02\/Stellenausschreibung-TT-SH-2025-1.jpg&#8220; url_new_window=&#8220;on&#8220; _builder_version=&#8220;4.27.4&#8243; _module_preset=&#8220;default&#8220; global_colors_info=&#8220;{}&#8220;][\/et_pb_image][\/et_pb_column][\/et_pb_row][et_pb_row _builder_version=&#8220;4.27.4&#8243; _module_preset=&#8220;default&#8220; global_colors_info=&#8220;{}&#8220;][et_pb_column type=&#8220;4_4&#8243; _builder_version=&#8220;4.27.4&#8243; _module_preset=&#8220;default&#8220; global_colors_info=&#8220;{}&#8220;][et_pb_text _builder_version=&#8220;4.27.4&#8243; _module_preset=&#8220;default&#8220; hover_enabled=&#8220;0&#8243; global_colors_info=&#8220;{}&#8220; sticky_enabled=&#8220;0&#8243;]<\/p>\n<h2>Stellenangebote bei der trial-tec GmbH<\/h2>\n<p>Unsere Stellenangebote werden regelm\u00e4\u00dfig aktualisiert. Sollte gerade kein passendes Stellenangebot online sein, besuche unsere Karriereseite gerne wieder oder bewirb Dich einfach initiativ bei uns.<\/p>\n<p>Du interessiertst Dich f\u00fcr unsere Firma und m\u00f6chtest erste Praxiserfahrungen sammeln? Wir bieten regelm\u00e4\u00dfig spannende <strong>Praktikumspl\u00e4tze<\/strong> f\u00fcr motivierte Talente an!<\/p>\n<p>Wir freuen uns auf Dich!<\/p>\n<p>[\/et_pb_text][et_pb_blurb title=&#8220;trial-tec GmbH&#8220; url=&#8220;https:\/\/trial-tec.de\/standort-schleswig-holstein\/&#8220; content_max_width=&#8220;1100px&#8220; content_max_width_last_edited=&#8220;off|desktop&#8220; _builder_version=&#8220;4.27.4&#8243; header_level=&#8220;h2&#8243; header_font=&#8220;Open Sans|700|||||||&#8220; header_font_size=&#8220;20px&#8220; header_letter_spacing=&#8220;5px&#8220; header_line_height=&#8220;2em&#8220; body_font=&#8220;||||||||&#8220; background_color=&#8220;#aac90c&#8220; use_background_color_gradient=&#8220;on&#8220; background_color_gradient_direction=&#8220;90deg&#8220; background_color_gradient_stops=&#8220;#aac90c 0%|#ffffff 100%&#8220; background_color_gradient_start=&#8220;#2573f9&#8243; background_color_gradient_end=&#8220;#ffffff&#8220; background_layout=&#8220;dark&#8220; custom_padding=&#8220;23px|55px|25px|55px|false|true&#8220; animation_style=&#8220;slide&#8220; animation_direction=&#8220;right&#8220; animation_intensity_slide=&#8220;5%&#8220; border_radii=&#8220;|100px|||100px&#8220; locked=&#8220;off&#8220; global_colors_info=&#8220;{}&#8220;]<\/p>\n<p>Kampenredder 5<br \/>24361 Haby<\/p>\n<p>Tel. +49 (0) 4357 &#8211; 996760<br \/>Mail info@trial-tec.de<\/p>\n<p>[\/et_pb_blurb][\/et_pb_column][\/et_pb_row][\/et_pb_section]<\/p>\n","protected":false},"excerpt":{"rendered":"<p>Stellenangebote bei der trial-tec GmbHFeldversuchstechniker\/in (m\/w\/d) Du bringst mit: Begeisterung f\u00fcr das landwirtschaftliche Versuchswesen Freude an sorgf\u00e4ltigem Arbeiten hohes Ma\u00df an Engagement, Teamf\u00e4higkeit und Zuverl\u00e4ssigkeit F\u00fchrerschein Klasse B sicherer Umgang mit MS Office Dich erwartet: abwechslungsreiche T\u00e4tigkeit an der frischen Luft sowie in Lager und B\u00fcro unbefristete Anstellung in famili\u00e4rem Arbeitsumfeld Kommunikation auf Augenh\u00f6he und [&hellip;]<\/p>\n","protected":false},"author":1,"featured_media":0,"parent":0,"menu_order":0,"comment_status":"closed","ping_status":"closed","template":"","meta":{"_et_pb_use_builder":"on","_et_pb_old_content":"","_et_gb_content_width":"","footnotes":""},"class_list":["post-370","page","type-page","status-publish","hentry"],"yoast_head":"<!-- This site is optimized with the Yoast SEO plugin v27.4 - https:\/\/yoast.com\/product\/yoast-seo-wordpress\/ -->\n<title>Karriere - trial-tec GmbH<\/title>\n<meta name=\"robots\" content=\"index, follow, max-snippet:-1, max-image-preview:large, max-video-preview:-1\" \/>\n<link rel=\"canonical\" href=\"https:\/\/trial-tec.de\/en\/karriere\/\" \/>\n<meta property=\"og:locale\" content=\"en_GB\" \/>\n<meta property=\"og:type\" content=\"article\" \/>\n<meta property=\"og:title\" content=\"Karriere - trial-tec GmbH\" \/>\n<meta property=\"og:description\" content=\"Stellenangebote bei der trial-tec GmbHFeldversuchstechniker\/in (m\/w\/d) Du bringst mit: Begeisterung f\u00fcr das landwirtschaftliche Versuchswesen Freude an sorgf\u00e4ltigem Arbeiten hohes Ma\u00df an Engagement, Teamf\u00e4higkeit und Zuverl\u00e4ssigkeit F\u00fchrerschein Klasse B sicherer Umgang mit MS Office Dich erwartet: abwechslungsreiche T\u00e4tigkeit an der frischen Luft sowie in Lager und B\u00fcro unbefristete Anstellung in famili\u00e4rem Arbeitsumfeld Kommunikation auf Augenh\u00f6he und [&hellip;]\" \/>\n<meta property=\"og:url\" content=\"https:\/\/trial-tec.de\/en\/karriere\/\" \/>\n<meta property=\"og:site_name\" content=\"trial-tec GmbH\" \/>\n<meta property=\"article:modified_time\" content=\"2025-11-12T09:10:03+00:00\" \/>\n<meta name=\"twitter:card\" content=\"summary_large_image\" \/>\n<meta name=\"twitter:label1\" content=\"Estimated reading time\" \/>\n\t<meta name=\"twitter:data1\" content=\"9 minutes\" \/>\n<script type=\"application\/ld+json\" class=\"yoast-schema-graph\">{\"@context\":\"https:\\\/\\\/schema.org\",\"@graph\":[{\"@type\":\"WebPage\",\"@id\":\"https:\\\/\\\/trial-tec.de\\\/karriere\\\/\",\"url\":\"https:\\\/\\\/trial-tec.de\\\/karriere\\\/\",\"name\":\"Karriere - trial-tec GmbH\",\"isPartOf\":{\"@id\":\"https:\\\/\\\/trial-tec.de\\\/#website\"},\"datePublished\":\"2025-02-21T09:39:44+00:00\",\"dateModified\":\"2025-11-12T09:10:03+00:00\",\"breadcrumb\":{\"@id\":\"https:\\\/\\\/trial-tec.de\\\/karriere\\\/#breadcrumb\"},\"inLanguage\":\"en-GB\",\"potentialAction\":[{\"@type\":\"ReadAction\",\"target\":[\"https:\\\/\\\/trial-tec.de\\\/karriere\\\/\"]}]},{\"@type\":\"BreadcrumbList\",\"@id\":\"https:\\\/\\\/trial-tec.de\\\/karriere\\\/#breadcrumb\",\"itemListElement\":[{\"@type\":\"ListItem\",\"position\":1,\"name\":\"Startseite\",\"item\":\"https:\\\/\\\/trial-tec.de\\\/\"},{\"@type\":\"ListItem\",\"position\":2,\"name\":\"Karriere\"}]},{\"@type\":\"WebSite\",\"@id\":\"https:\\\/\\\/trial-tec.de\\\/#website\",\"url\":\"https:\\\/\\\/trial-tec.de\\\/\",\"name\":\"trial-tec GmbH\",\"description\":\"Feldversuche in Pflanzenz\u00fcchtung\",\"publisher\":{\"@id\":\"https:\\\/\\\/trial-tec.de\\\/#organization\"},\"potentialAction\":[{\"@type\":\"SearchAction\",\"target\":{\"@type\":\"EntryPoint\",\"urlTemplate\":\"https:\\\/\\\/trial-tec.de\\\/?s={search_term_string}\"},\"query-input\":{\"@type\":\"PropertyValueSpecification\",\"valueRequired\":true,\"valueName\":\"search_term_string\"}}],\"inLanguage\":\"en-GB\"},{\"@type\":\"Organization\",\"@id\":\"https:\\\/\\\/trial-tec.de\\\/#organization\",\"name\":\"trial-tec GmbH\",\"url\":\"https:\\\/\\\/trial-tec.de\\\/\",\"logo\":{\"@type\":\"ImageObject\",\"inLanguage\":\"en-GB\",\"@id\":\"https:\\\/\\\/trial-tec.de\\\/#\\\/schema\\\/logo\\\/image\\\/\",\"url\":\"https:\\\/\\\/trial-tec.de\\\/wp-content\\\/uploads\\\/2025\\\/02\\\/Logo-ohne-Technik.jpg\",\"contentUrl\":\"https:\\\/\\\/trial-tec.de\\\/wp-content\\\/uploads\\\/2025\\\/02\\\/Logo-ohne-Technik.jpg\",\"width\":585,\"height\":150,\"caption\":\"trial-tec GmbH\"},\"image\":{\"@id\":\"https:\\\/\\\/trial-tec.de\\\/#\\\/schema\\\/logo\\\/image\\\/\"}}]}<\/script>\n<!-- \/ Yoast SEO plugin. -->","yoast_head_json":{"title":"Karriere - trial-tec GmbH","robots":{"index":"index","follow":"follow","max-snippet":"max-snippet:-1","max-image-preview":"max-image-preview:large","max-video-preview":"max-video-preview:-1"},"canonical":"https:\/\/trial-tec.de\/en\/karriere\/","og_locale":"en_GB","og_type":"article","og_title":"Karriere - trial-tec GmbH","og_description":"Stellenangebote bei der trial-tec GmbHFeldversuchstechniker\/in (m\/w\/d) Du bringst mit: Begeisterung f\u00fcr das landwirtschaftliche Versuchswesen Freude an sorgf\u00e4ltigem Arbeiten hohes Ma\u00df an Engagement, Teamf\u00e4higkeit und Zuverl\u00e4ssigkeit F\u00fchrerschein Klasse B sicherer Umgang mit MS Office Dich erwartet: abwechslungsreiche T\u00e4tigkeit an der frischen Luft sowie in Lager und B\u00fcro unbefristete Anstellung in famili\u00e4rem Arbeitsumfeld Kommunikation auf Augenh\u00f6he und [&hellip;]","og_url":"https:\/\/trial-tec.de\/en\/karriere\/","og_site_name":"trial-tec GmbH","article_modified_time":"2025-11-12T09:10:03+00:00","twitter_card":"summary_large_image","twitter_misc":{"Estimated reading time":"9 minutes"},"schema":{"@context":"https:\/\/schema.org","@graph":[{"@type":"WebPage","@id":"https:\/\/trial-tec.de\/karriere\/","url":"https:\/\/trial-tec.de\/karriere\/","name":"Karriere - trial-tec GmbH","isPartOf":{"@id":"https:\/\/trial-tec.de\/#website"},"datePublished":"2025-02-21T09:39:44+00:00","dateModified":"2025-11-12T09:10:03+00:00","breadcrumb":{"@id":"https:\/\/trial-tec.de\/karriere\/#breadcrumb"},"inLanguage":"en-GB","potentialAction":[{"@type":"ReadAction","target":["https:\/\/trial-tec.de\/karriere\/"]}]},{"@type":"BreadcrumbList","@id":"https:\/\/trial-tec.de\/karriere\/#breadcrumb","itemListElement":[{"@type":"ListItem","position":1,"name":"Startseite","item":"https:\/\/trial-tec.de\/"},{"@type":"ListItem","position":2,"name":"Karriere"}]},{"@type":"WebSite","@id":"https:\/\/trial-tec.de\/#website","url":"https:\/\/trial-tec.de\/","name":"trial-tec GmbH","description":"Feldversuche in Pflanzenz\u00fcchtung","publisher":{"@id":"https:\/\/trial-tec.de\/#organization"},"potentialAction":[{"@type":"SearchAction","target":{"@type":"EntryPoint","urlTemplate":"https:\/\/trial-tec.de\/?s={search_term_string}"},"query-input":{"@type":"PropertyValueSpecification","valueRequired":true,"valueName":"search_term_string"}}],"inLanguage":"en-GB"},{"@type":"Organization","@id":"https:\/\/trial-tec.de\/#organization","name":"trial-tec GmbH","url":"https:\/\/trial-tec.de\/","logo":{"@type":"ImageObject","inLanguage":"en-GB","@id":"https:\/\/trial-tec.de\/#\/schema\/logo\/image\/","url":"https:\/\/trial-tec.de\/wp-content\/uploads\/2025\/02\/Logo-ohne-Technik.jpg","contentUrl":"https:\/\/trial-tec.de\/wp-content\/uploads\/2025\/02\/Logo-ohne-Technik.jpg","width":585,"height":150,"caption":"trial-tec GmbH"},"image":{"@id":"https:\/\/trial-tec.de\/#\/schema\/logo\/image\/"}}]}},"_links":{"self":[{"href":"https:\/\/trial-tec.de\/en\/wp-json\/wp\/v2\/pages\/370","targetHints":{"allow":["GET"]}}],"collection":[{"href":"https:\/\/trial-tec.de\/en\/wp-json\/wp\/v2\/pages"}],"about":[{"href":"https:\/\/trial-tec.de\/en\/wp-json\/wp\/v2\/types\/page"}],"author":[{"embeddable":true,"href":"https:\/\/trial-tec.de\/en\/wp-json\/wp\/v2\/users\/1"}],"replies":[{"embeddable":true,"href":"https:\/\/trial-tec.de\/en\/wp-json\/wp\/v2\/comments?post=370"}],"version-history":[{"count":11,"href":"https:\/\/trial-tec.de\/en\/wp-json\/wp\/v2\/pages\/370\/revisions"}],"predecessor-version":[{"id":436,"href":"https:\/\/trial-tec.de\/en\/wp-json\/wp\/v2\/pages\/370\/revisions\/436"}],"wp:attachment":[{"href":"https:\/\/trial-tec.de\/en\/wp-json\/wp\/v2\/media?parent=370"}],"curies":[{"name":"wp","href":"https:\/\/api.w.org\/{rel}","templated":true}]}}